{"id":128,"date":"2026-03-12T15:01:00","date_gmt":"2026-03-12T15:01:00","guid":{"rendered":"https:\/\/6fffunn.com\/?page_id=128"},"modified":"2026-03-12T15:36:01","modified_gmt":"2026-03-12T15:36:01","slug":"dieu-khoan-dieu-kien-6ff","status":"publish","type":"page","link":"https:\/\/6fffunn.com\/index.php\/dieu-khoan-dieu-kien-6ff\/","title":{"rendered":"\u0110i\u1ec1u Kho\u1ea3n \u0110i\u1ec1u Ki\u1ec7n 6FF \u2013 H\u01b0\u1edbng D\u1eabn Chi Ti\u1ebft V\u00e0 An To\u00e0n Khi Tham Gia"},"content":{"rendered":"<div id=\"ez-toc-container\" class=\"ez-toc-v2_0_81 counter-hierarchy ez-toc-counter ez-toc-grey ez-toc-container-direction\">\n<div class=\"ez-toc-title-container\">\n<p class=\"ez-toc-title\" style=\"cursor:inherit\">Table of Contents<\/p>\n<span class=\"ez-toc-title-toggle\"><a href=\"#\" class=\"ez-toc-pull-right ez-toc-btn ez-toc-btn-xs ez-toc-btn-default ez-toc-toggle\" aria-label=\"Toggle Table of Content\"><span class=\"ez-toc-js-icon-con\"><span class=\"\"><span class=\"eztoc-hide\" style=\"display:none;\">Toggle<\/span><span class=\"ez-toc-icon-toggle-span\"><svg style=\"fill: #999;color:#999\" xmlns=\"http:\/\/www.w3.org\/2000\/svg\" class=\"list-377408\" width=\"20px\" height=\"20px\" viewBox=\"0 0 24 24\" fill=\"none\"><path d=\"M6 6H4v2h2V6zm14 0H8v2h12V6zM4 11h2v2H4v-2zm16 0H8v2h12v-2zM4 16h2v2H4v-2zm16 0H8v2h12v-2z\" fill=\"currentColor\"><\/path><\/svg><svg style=\"fill: #999;color:#999\" class=\"arrow-unsorted-368013\" xmlns=\"http:\/\/www.w3.org\/2000\/svg\" width=\"10px\" height=\"10px\" viewBox=\"0 0 24 24\" version=\"1.2\" baseProfile=\"tiny\"><path d=\"M18.2 9.3l-6.2-6.3-6.2 6.3c-.2.2-.3.4-.3.7s.1.5.3.7c.2.2.4.3.7.3h11c.3 0 .5-.1.7-.3.2-.2.3-.5.3-.7s-.1-.5-.3-.7zM5.8 14.7l6.2 6.3 6.2-6.3c.2-.2.3-.5.3-.7s-.1-.5-.3-.7c-.2-.2-.4-.3-.7-.3h-11c-.3 0-.5.1-.7.3-.2.2-.3.5-.3.7s.1.5.3.7z\"\/><\/svg><\/span><\/span><\/span><\/a><\/span><\/div>\n<nav><ul class='ez-toc-list ez-toc-list-level-1 ' ><li class='ez-toc-page-1 ez-toc-heading-level-1'><a class=\"ez-toc-link ez-toc-heading-1\" href=\"https:\/\/6fffunn.com\/index.php\/dieu-khoan-dieu-kien-6ff\/#Dieu_Khoan_Dieu_Kien_6FF_%E2%80%93_Huong_Dan_Chi_Tiet_Va_An_Toan_Khi_Tham_Gia\" >\u0110i\u1ec1u Kho\u1ea3n \u0110i\u1ec1u Ki\u1ec7n 6FF \u2013 H\u01b0\u1edbng D\u1eabn Chi Ti\u1ebft V\u00e0 An To\u00e0n Khi Tham Gia<\/a><ul class='ez-toc-list-level-2' ><li class='ez-toc-heading-level-2'><a class=\"ez-toc-link ez-toc-heading-2\" href=\"https:\/\/6fffunn.com\/index.php\/dieu-khoan-dieu-kien-6ff\/#Tong_quan_ve_dieu_khoan_dieu_kien_6FF\" >T\u1ed5ng quan v\u1ec1 \u0111i\u1ec1u kho\u1ea3n \u0111i\u1ec1u ki\u1ec7n 6FF<\/a><\/li><li class='ez-toc-page-1 ez-toc-heading-level-2'><a class=\"ez-toc-link ez-toc-heading-3\" href=\"https:\/\/6fffunn.com\/index.php\/dieu-khoan-dieu-kien-6ff\/#Noi_dung_co_ban_cua_dieu_khoan_dieu_kien_6FF\" >N\u1ed9i dung c\u01a1 b\u1ea3n c\u1ee7a \u0111i\u1ec1u kho\u1ea3n \u0111i\u1ec1u ki\u1ec7n 6FF<\/a><ul class='ez-toc-list-level-3' ><li class='ez-toc-heading-level-3'><a class=\"ez-toc-link ez-toc-heading-4\" href=\"https:\/\/6fffunn.com\/index.php\/dieu-khoan-dieu-kien-6ff\/#Quy_dinh_ve_tai_khoan_nguoi_dung\" >Quy \u0111\u1ecbnh v\u1ec1 t\u00e0i kho\u1ea3n ng\u01b0\u1eddi d\u00f9ng<\/a><\/li><li class='ez-toc-page-1 ez-toc-heading-level-3'><a class=\"ez-toc-link ez-toc-heading-5\" href=\"https:\/\/6fffunn.com\/index.php\/dieu-khoan-dieu-kien-6ff\/#Quy_dinh_ve_giao_dich_va_thanh_toan\" >Quy \u0111\u1ecbnh v\u1ec1 giao d\u1ecbch v\u00e0 thanh to\u00e1n<\/a><\/li><li class='ez-toc-page-1 ez-toc-heading-level-3'><a class=\"ez-toc-link ez-toc-heading-6\" href=\"https:\/\/6fffunn.com\/index.php\/dieu-khoan-dieu-kien-6ff\/#Quy_dinh_ve_quyen_loi_va_trach_nhiem\" >Quy \u0111\u1ecbnh v\u1ec1 quy\u1ec1n l\u1ee3i v\u00e0 tr\u00e1ch nhi\u1ec7m<\/a><\/li><\/ul><\/li><li class='ez-toc-page-1 ez-toc-heading-level-2'><a class=\"ez-toc-link ez-toc-heading-7\" href=\"https:\/\/6fffunn.com\/index.php\/dieu-khoan-dieu-kien-6ff\/#Ly_do_can_nam_ro_dieu_khoan_dieu_kien_6FF\" >L\u00fd do c\u1ea7n n\u1eafm r\u00f5 \u0111i\u1ec1u kho\u1ea3n \u0111i\u1ec1u ki\u1ec7n 6FF<\/a><\/li><li class='ez-toc-page-1 ez-toc-heading-level-2'><a class=\"ez-toc-link ez-toc-heading-8\" href=\"https:\/\/6fffunn.com\/index.php\/dieu-khoan-dieu-kien-6ff\/#Cac_dieu_khoan_pho_bien_can_luu_y\" >C\u00e1c \u0111i\u1ec1u kho\u1ea3n ph\u1ed5 bi\u1ebfn c\u1ea7n l\u01b0u \u00fd<\/a><ul class='ez-toc-list-level-3' ><li class='ez-toc-heading-level-3'><a class=\"ez-toc-link ez-toc-heading-9\" href=\"https:\/\/6fffunn.com\/index.php\/dieu-khoan-dieu-kien-6ff\/#Tuoi_tac_va_nang_luc_phap_ly\" >Tu\u1ed5i t\u00e1c v\u00e0 n\u0103ng l\u1ef1c ph\u00e1p l\u00fd<\/a><\/li><li class='ez-toc-page-1 ez-toc-heading-level-3'><a class=\"ez-toc-link ez-toc-heading-10\" href=\"https:\/\/6fffunn.com\/index.php\/dieu-khoan-dieu-kien-6ff\/#Su_dung_hop_phap_dich_vu\" >S\u1eed d\u1ee5ng h\u1ee3p ph\u00e1p d\u1ecbch v\u1ee5<\/a><\/li><li class='ez-toc-page-1 ez-toc-heading-level-3'><a class=\"ez-toc-link ez-toc-heading-11\" href=\"https:\/\/6fffunn.com\/index.php\/dieu-khoan-dieu-kien-6ff\/#Bao_mat_thong_tin\" >B\u1ea3o m\u1eadt th\u00f4ng tin<\/a><\/li><li class='ez-toc-page-1 ez-toc-heading-level-3'><a class=\"ez-toc-link ez-toc-heading-12\" href=\"https:\/\/6fffunn.com\/index.php\/dieu-khoan-dieu-kien-6ff\/#Giai_quyet_tranh_chap\" >Gi\u1ea3i quy\u1ebft tranh ch\u1ea5p<\/a><\/li><\/ul><\/li><li class='ez-toc-page-1 ez-toc-heading-level-2'><a class=\"ez-toc-link ez-toc-heading-13\" href=\"https:\/\/6fffunn.com\/index.php\/dieu-khoan-dieu-kien-6ff\/#Huong_dan_ap_dung_dieu_khoan_dieu_kien_6FF\" >H\u01b0\u1edbng d\u1eabn \u00e1p d\u1ee5ng \u0111i\u1ec1u kho\u1ea3n \u0111i\u1ec1u ki\u1ec7n 6FF<\/a><ul class='ez-toc-list-level-3' ><li class='ez-toc-heading-level-3'><a class=\"ez-toc-link ez-toc-heading-14\" href=\"https:\/\/6fffunn.com\/index.php\/dieu-khoan-dieu-kien-6ff\/#Doc_ky_truoc_khi_tham_gia\" >\u0110\u1ecdc k\u1ef9 tr\u01b0\u1edbc khi tham gia<\/a><\/li><li class='ez-toc-page-1 ez-toc-heading-level-3'><a class=\"ez-toc-link ez-toc-heading-15\" href=\"https:\/\/6fffunn.com\/index.php\/dieu-khoan-dieu-kien-6ff\/#Luu_tru_thong_tin_lien_quan\" >L\u01b0u tr\u1eef th\u00f4ng tin li\u00ean quan<\/a><\/li><li class='ez-toc-page-1 ez-toc-heading-level-3'><a class=\"ez-toc-link ez-toc-heading-16\" href=\"https:\/\/6fffunn.com\/index.php\/dieu-khoan-dieu-kien-6ff\/#Tham_khao_ho_tro_tu_nha_cai_6FF\" >Tham kh\u1ea3o h\u1ed7 tr\u1ee3 t\u1eeb nh\u00e0 c\u00e1i 6FF<\/a><\/li><\/ul><\/li><li class='ez-toc-page-1 ez-toc-heading-level-2'><a class=\"ez-toc-link ez-toc-heading-17\" href=\"https:\/\/6fffunn.com\/index.php\/dieu-khoan-dieu-kien-6ff\/#Luu_y_quan_trong_khi_tuan_thu_dieu_khoan_dieu_kien_6FF\" >L\u01b0u \u00fd quan tr\u1ecdng khi tu\u00e2n th\u1ee7 \u0111i\u1ec1u kho\u1ea3n \u0111i\u1ec1u ki\u1ec7n 6FF<\/a><\/li><li class='ez-toc-page-1 ez-toc-heading-level-2'><a class=\"ez-toc-link ez-toc-heading-18\" href=\"https:\/\/6fffunn.com\/index.php\/dieu-khoan-dieu-kien-6ff\/#Ket_luan\" >K\u1ebft lu\u1eadn<\/a><\/li><\/ul><\/li><\/ul><\/nav><\/div>\n<h1 style=\"text-align: center;\" data-start=\"295\" data-end=\"366\"><span class=\"ez-toc-section\" id=\"Dieu_Khoan_Dieu_Kien_6FF_%E2%80%93_Huong_Dan_Chi_Tiet_Va_An_Toan_Khi_Tham_Gia\"><\/span>\u0110i\u1ec1u Kho\u1ea3n \u0110i\u1ec1u Ki\u1ec7n 6FF \u2013 H\u01b0\u1edbng D\u1eabn Chi Ti\u1ebft V\u00e0 An To\u00e0n Khi Tham Gia<span class=\"ez-toc-section-end\"><\/span><\/h1>\n<div class=\"flex flex-col text-sm pb-25\">\n<article class=\"text-token-text-primary w-full focus:outline-none [--shadow-height:45px] has-data-writing-block:pointer-events-none has-data-writing-block:-mt-(--shadow-height) has-data-writing-block:pt-(--shadow-height) [&amp;:has([data-writing-block])&gt;*]:pointer-events-auto scroll-mt-[calc(var(--header-height)+min(200px,max(70px,20svh)))]\" dir=\"auto\" tabindex=\"-1\" data-turn-id=\"request-69a83943-ccdc-839f-b5d3-7acc46ab611c-0\" data-testid=\"conversation-turn-90\" data-scroll-anchor=\"true\" data-turn=\"assistant\">\n<div class=\"text-base my-auto mx-auto pb-10 [--thread-content-margin:var(--thread-content-margin-xs,calc(var(--spacing)*4))] @w-sm\/main:[--thread-content-margin:var(--thread-content-margin-sm,calc(var(--spacing)*6))] @w-lg\/main:[--thread-content-margin:var(--thread-content-margin-lg,calc(var(--spacing)*16))] px-(--thread-content-margin)\">\n<div class=\"[--thread-content-max-width:40rem] @w-lg\/main:[--thread-content-max-width:48rem] mx-auto max-w-(--thread-content-max-width) flex-1 group\/turn-messages focus-visible:outline-hidden relative flex w-full min-w-0 flex-col agent-turn\" tabindex=\"-1\">\n<div class=\"flex max-w-full flex-col gap-4 grow\">\n<div class=\"min-h-8 text-message relative flex w-full flex-col items-end gap-2 text-start break-words whitespace-normal [.text-message+&amp;]:mt-1\" dir=\"auto\" data-message-author-role=\"assistant\" data-message-id=\"348445a4-8240-483e-94bd-253ab99b4f18\" data-message-model-slug=\"gpt-5-3\">\n<div class=\"flex w-full flex-col gap-1 empty:hidden\">\n<div class=\"markdown prose dark:prose-invert w-full wrap-break-word dark markdown-new-styling\">\n<p data-start=\"0\" data-end=\"438\" data-is-last-node=\"\" data-is-only-node=\"\"><strong><a href=\"https:\/\/6fffunn.com\/index.php\/dieu-khoan-dieu-kien-6ff\/\">\u0110i\u1ec1u Kho\u1ea3n \u0110i\u1ec1u Ki\u1ec7n<\/a><\/strong> 6FF l\u00e0 nh\u1eefng quy \u0111\u1ecbnh quan tr\u1ecdng m\u00e0 ng\u01b0\u1eddi d\u00f9ng c\u1ea7n n\u1eafm r\u00f5 tr\u01b0\u1edbc khi tham gia v\u00e0 s\u1eed d\u1ee5ng c\u00e1c d\u1ecbch v\u1ee5 tr\u00ean n\u1ec1n t\u1ea3ng. Vi\u1ec7c hi\u1ec3u r\u00f5 c\u00e1c n\u1ed9i dung trong \u0111i\u1ec1u kho\u1ea3n gi\u00fap ng\u01b0\u1eddi ch\u01a1i b\u1ea3o v\u1ec7 quy\u1ec1n l\u1ee3i c\u00e1 nh\u00e2n, tr\u00e1nh nh\u1eefng vi ph\u1ea1m kh\u00f4ng mong mu\u1ed1n v\u00e0 \u0111\u1ea3m b\u1ea3o tr\u1ea3i nghi\u1ec7m tr\u1ef1c tuy\u1ebfn an to\u00e0n. B\u00ean c\u1ea1nh \u0111\u00f3, c\u00e1c quy \u0111\u1ecbnh n\u00e0y c\u00f2n gi\u00fap qu\u00e1 tr\u00ecnh tham gia tr\u1edf n\u00ean minh b\u1ea1ch, r\u00f5 r\u00e0ng v\u00e0 thu\u1eadn ti\u1ec7n h\u01a1n cho c\u1ea3 ng\u01b0\u1eddi d\u00f9ng l\u1eabn h\u1ec7 th\u1ed1ng.<\/p>\n<\/div>\n<\/div>\n<\/div>\n<\/div>\n<\/div>\n<\/div>\n<\/article>\n<\/div>\n<h2 data-start=\"558\" data-end=\"598\"><span class=\"ez-toc-section\" id=\"Tong_quan_ve_dieu_khoan_dieu_kien_6FF\"><\/span>T\u1ed5ng quan v\u1ec1 \u0111i\u1ec1u kho\u1ea3n \u0111i\u1ec1u ki\u1ec7n 6FF<span class=\"ez-toc-section-end\"><\/span><\/h2>\n<p data-start=\"600\" data-end=\"832\">\u0110i\u1ec1u kho\u1ea3n \u0111i\u1ec1u ki\u1ec7n 6FF l\u00e0 t\u1eadp h\u1ee3p c\u00e1c quy \u0111\u1ecbnh m\u00e0 ng\u01b0\u1eddi d\u00f9ng ph\u1ea3i tu\u00e2n th\u1ee7 khi tham gia d\u1ecbch v\u1ee5 t\u1ea1i n\u1ec1n t\u1ea3ng. N\u1eafm v\u1eefng c\u00e1c \u0111i\u1ec1u kho\u1ea3n n\u00e0y gi\u00fap ng\u01b0\u1eddi ch\u01a1i b\u1ea3o v\u1ec7 quy\u1ec1n l\u1ee3i, tr\u00e1nh r\u1ee7i ro ph\u00e1p l\u00fd v\u00e0 tr\u1ea3i nghi\u1ec7m d\u1ecbch v\u1ee5 an to\u00e0n.<\/p>\n<p data-start=\"834\" data-end=\"1142\">T\u1ea1i nh\u00e0 c\u00e1i 6FF, \u0111i\u1ec1u kho\u1ea3n \u0111i\u1ec1u ki\u1ec7n 6FF quy \u0111\u1ecbnh r\u00f5 quy\u1ec1n l\u1ee3i v\u00e0 tr\u00e1ch nhi\u1ec7m c\u1ee7a ng\u01b0\u1eddi ch\u01a1i c\u0169ng nh\u01b0 c\u1ee7a n\u1ec1n t\u1ea3ng. Bao g\u1ed3m c\u00e1c ch\u00ednh s\u00e1ch v\u1ec1 \u0111\u0103ng k\u00fd t\u00e0i kho\u1ea3n, \u0111\u1eb7t c\u01b0\u1ee3c, giao d\u1ecbch t\u00e0i ch\u00ednh v\u00e0 b\u1ea3o m\u1eadt th\u00f4ng tin. Hi\u1ec3u r\u00f5 v\u00e0 tu\u00e2n th\u1ee7 c\u00e1c \u0111i\u1ec1u kho\u1ea3n n\u00e0y gi\u00fap ng\u01b0\u1eddi ch\u01a1i tr\u1ea3i nghi\u1ec7m thu\u1eadn ti\u1ec7n v\u00e0 h\u1ee3p ph\u00e1p.<\/p>\n<h2 data-start=\"1149\" data-end=\"1196\"><span class=\"ez-toc-section\" id=\"Noi_dung_co_ban_cua_dieu_khoan_dieu_kien_6FF\"><\/span>N\u1ed9i dung c\u01a1 b\u1ea3n c\u1ee7a \u0111i\u1ec1u kho\u1ea3n \u0111i\u1ec1u ki\u1ec7n 6FF<span class=\"ez-toc-section-end\"><\/span><\/h2>\n<p data-start=\"1198\" data-end=\"1330\">\u0110i\u1ec1u kho\u1ea3n \u0111i\u1ec1u ki\u1ec7n 6FF bao g\u1ed3m nhi\u1ec1u m\u1ee5c, gi\u00fap ng\u01b0\u1eddi d\u00f9ng hi\u1ec3u r\u00f5 quy\u1ec1n l\u1ee3i v\u00e0 tr\u00e1ch nhi\u1ec7m khi tham gia c\u00e1c d\u1ecbch v\u1ee5 c\u1ee7a nh\u00e0 c\u00e1i.<\/p>\n<h3 data-start=\"1332\" data-end=\"1368\"><span class=\"ez-toc-section\" id=\"Quy_dinh_ve_tai_khoan_nguoi_dung\"><\/span>Quy \u0111\u1ecbnh v\u1ec1 t\u00e0i kho\u1ea3n ng\u01b0\u1eddi d\u00f9ng<span class=\"ez-toc-section-end\"><\/span><\/h3>\n<p data-start=\"1370\" data-end=\"1471\">Ng\u01b0\u1eddi ch\u01a1i c\u1ea7n \u0111\u0103ng k\u00fd t\u00e0i kho\u1ea3n ch\u00ednh x\u00e1c, cung c\u1ea5p th\u00f4ng tin h\u1ee3p l\u1ec7 v\u00e0 duy tr\u00ec b\u1ea3o m\u1eadt t\u00e0i kho\u1ea3n.<\/p>\n<p data-start=\"1473\" data-end=\"1685\">T\u1ea1i nh\u00e0 c\u00e1i 6FF, t\u00e0i kho\u1ea3n l\u00e0 ph\u01b0\u01a1ng ti\u1ec7n truy c\u1eadp c\u00e1c tr\u00f2 ch\u01a1i v\u00e0 d\u1ecbch v\u1ee5. \u0110i\u1ec1u kho\u1ea3n \u0111i\u1ec1u ki\u1ec7n 6FF y\u00eau c\u1ea7u ng\u01b0\u1eddi d\u00f9ng b\u1ea3o v\u1ec7 th\u00f4ng tin c\u00e1 nh\u00e2n, kh\u00f4ng chia s\u1ebb m\u1eadt kh\u1ea9u v\u00e0 tu\u00e2n th\u1ee7 quy \u0111\u1ecbnh s\u1eed d\u1ee5ng t\u00e0i kho\u1ea3n.<\/p>\n<h3 data-start=\"1687\" data-end=\"1726\"><span class=\"ez-toc-section\" id=\"Quy_dinh_ve_giao_dich_va_thanh_toan\"><\/span>Quy \u0111\u1ecbnh v\u1ec1 giao d\u1ecbch v\u00e0 thanh to\u00e1n<span class=\"ez-toc-section-end\"><\/span><\/h3>\n<p data-start=\"1728\" data-end=\"1857\">\u0110i\u1ec1u kho\u1ea3n \u0111i\u1ec1u ki\u1ec7n 6FF n\u00eau r\u00f5 c\u00e1c ph\u01b0\u01a1ng th\u1ee9c n\u1ea1p\/r\u00fat ti\u1ec1n, quy tr\u00ecnh giao d\u1ecbch v\u00e0 c\u00e1c y\u00eau c\u1ea7u h\u1ee3p ph\u00e1p khi tham gia c\u00e1 c\u01b0\u1ee3c.<\/p>\n<p data-start=\"1859\" data-end=\"2045\">Ng\u01b0\u1eddi ch\u01a1i c\u1ea7n th\u1ef1c hi\u1ec7n giao d\u1ecbch ch\u00ednh x\u00e1c, h\u1ee3p ph\u00e1p v\u00e0 gi\u1eef l\u1ea1i b\u1eb1ng ch\u1ee9ng giao d\u1ecbch \u0111\u1ec3 gi\u1ea3i quy\u1ebft v\u1ea5n \u0111\u1ec1 ph\u00e1t sinh. \u0110i\u1ec1u n\u00e0y gi\u00fap tr\u1ea3i nghi\u1ec7m t\u1ea1i nh\u00e0 c\u00e1i 6FF minh b\u1ea1ch v\u00e0 an to\u00e0n.<\/p>\n<h3 data-start=\"2047\" data-end=\"2087\"><span class=\"ez-toc-section\" id=\"Quy_dinh_ve_quyen_loi_va_trach_nhiem\"><\/span>Quy \u0111\u1ecbnh v\u1ec1 quy\u1ec1n l\u1ee3i v\u00e0 tr\u00e1ch nhi\u1ec7m<span class=\"ez-toc-section-end\"><\/span><\/h3>\n<p data-start=\"2089\" data-end=\"2184\">\u0110i\u1ec1u kho\u1ea3n \u0111i\u1ec1u ki\u1ec7n 6FF x\u00e1c \u0111\u1ecbnh quy\u1ec1n l\u1ee3i ng\u01b0\u1eddi d\u00f9ng \u0111\u01b0\u1ee3c h\u01b0\u1edfng v\u00e0 ngh\u0129a v\u1ee5 ph\u1ea3i th\u1ef1c hi\u1ec7n.<\/p>\n<p data-start=\"2186\" data-end=\"2384\">Ng\u01b0\u1eddi ch\u01a1i \u0111\u01b0\u1ee3c tham gia c\u00e1c tr\u00f2 ch\u01a1i h\u1ee3p ph\u00e1p, nh\u1eadn th\u01b0\u1edfng theo quy \u0111\u1ecbnh, \u0111\u1ed3ng th\u1eddi tu\u00e2n th\u1ee7 c\u00e1c quy t\u1eafc v\u1ec1 h\u00e0nh vi v\u00e0 c\u00e1ch th\u1ee9c s\u1eed d\u1ee5ng d\u1ecbch v\u1ee5. Vi ph\u1ea1m c\u00f3 th\u1ec3 d\u1eabn \u0111\u1ebfn t\u1ea1m kh\u00f3a ho\u1eb7c h\u1ee7y t\u00e0i kho\u1ea3n.<\/p>\n<h2 data-start=\"2391\" data-end=\"2435\"><span class=\"ez-toc-section\" id=\"Ly_do_can_nam_ro_dieu_khoan_dieu_kien_6FF\"><\/span>L\u00fd do c\u1ea7n n\u1eafm r\u00f5 \u0111i\u1ec1u kho\u1ea3n \u0111i\u1ec1u ki\u1ec7n 6FF<span class=\"ez-toc-section-end\"><\/span><\/h2>\n<p data-start=\"2437\" data-end=\"2585\">Hi\u1ec3u v\u00e0 tu\u00e2n th\u1ee7 \u0111i\u1ec1u kho\u1ea3n \u0111i\u1ec1u ki\u1ec7n 6FF gi\u00fap ng\u01b0\u1eddi ch\u01a1i tr\u00e1nh r\u1ee7i ro, b\u1ea3o v\u1ec7 t\u00e0i kho\u1ea3n v\u00e0 giao d\u1ecbch, \u0111\u1ed3ng th\u1eddi n\u00e2ng cao tr\u1ea3i nghi\u1ec7m d\u1ecbch v\u1ee5.<\/p>\n<p data-start=\"2587\" data-end=\"2819\">Ng\u01b0\u1eddi ch\u01a1i t\u1ea1i nh\u00e0 c\u00e1i 6FF s\u1ebd \u0111\u01b0\u1ee3c b\u1ea3o v\u1ec7 quy\u1ec1n l\u1ee3i khi \u0111\u1eb7t c\u01b0\u1ee3c, tham gia tr\u00f2 ch\u01a1i v\u00e0 th\u1ef1c hi\u1ec7n giao d\u1ecbch t\u00e0i ch\u00ednh. Vi\u1ec7c n\u1eafm v\u1eefng \u0111i\u1ec1u kho\u1ea3n \u0111i\u1ec1u ki\u1ec7n 6FF c\u0169ng gi\u00fap x\u1eed l\u00fd k\u1ecbp th\u1eddi c\u00e1c tranh ch\u1ea5p, khi\u1ebfu n\u1ea1i ho\u1eb7c y\u00eau c\u1ea7u h\u1ed7 tr\u1ee3.<\/p>\n<h2 data-start=\"2826\" data-end=\"2862\"><span class=\"ez-toc-section\" id=\"Cac_dieu_khoan_pho_bien_can_luu_y\"><\/span>C\u00e1c \u0111i\u1ec1u kho\u1ea3n ph\u1ed5 bi\u1ebfn c\u1ea7n l\u01b0u \u00fd<span class=\"ez-toc-section-end\"><\/span><\/h2>\n<p data-start=\"2864\" data-end=\"2936\">\u0110i\u1ec1u kho\u1ea3n \u0111i\u1ec1u ki\u1ec7n 6FF th\u01b0\u1eddng bao g\u1ed3m nh\u1eefng n\u1ed9i dung quan tr\u1ecdng sau:<\/p>\n<h3 data-start=\"2938\" data-end=\"2970\"><span class=\"ez-toc-section\" id=\"Tuoi_tac_va_nang_luc_phap_ly\"><\/span>Tu\u1ed5i t\u00e1c v\u00e0 n\u0103ng l\u1ef1c ph\u00e1p l\u00fd<span class=\"ez-toc-section-end\"><\/span><\/h3>\n<p data-start=\"2972\" data-end=\"3132\">Ng\u01b0\u1eddi ch\u01a1i ph\u1ea3i \u0111\u1ee7 tu\u1ed5i theo quy \u0111\u1ecbnh ph\u00e1p lu\u1eadt v\u00e0 c\u00f3 n\u0103ng l\u1ef1c h\u00e0nh vi d\u00e2n s\u1ef1 \u0111\u1ec3 tham gia d\u1ecbch v\u1ee5. Vi\u1ec7c tham gia tr\u00e1i quy \u0111\u1ecbnh c\u00f3 th\u1ec3 d\u1eabn \u0111\u1ebfn vi ph\u1ea1m ph\u00e1p lu\u1eadt.<\/p>\n<h3 data-start=\"3134\" data-end=\"3162\"><span class=\"ez-toc-section\" id=\"Su_dung_hop_phap_dich_vu\"><\/span>S\u1eed d\u1ee5ng h\u1ee3p ph\u00e1p d\u1ecbch v\u1ee5<span class=\"ez-toc-section-end\"><\/span><\/h3>\n<p data-start=\"3164\" data-end=\"3255\">Ng\u01b0\u1eddi ch\u01a1i cam k\u1ebft s\u1eed d\u1ee5ng d\u1ecbch v\u1ee5 h\u1ee3p ph\u00e1p, kh\u00f4ng gian l\u1eadn, l\u1eeba \u0111\u1ea3o hay ph\u00e1 ho\u1ea1i h\u1ec7 th\u1ed1ng.<\/p>\n<h3 data-start=\"3257\" data-end=\"3278\"><span class=\"ez-toc-section\" id=\"Bao_mat_thong_tin\"><\/span>B\u1ea3o m\u1eadt th\u00f4ng tin<span class=\"ez-toc-section-end\"><\/span><\/h3>\n<p data-start=\"3280\" data-end=\"3439\">Ng\u01b0\u1eddi d\u00f9ng ph\u1ea3i b\u1ea3o v\u1ec7 th\u00f4ng tin t\u00e0i kho\u1ea3n, \u0111\u1ed3ng th\u1eddi nh\u00e0 c\u00e1i 6FF cam k\u1ebft b\u1ea3o m\u1eadt d\u1eef li\u1ec7u c\u00e1 nh\u00e2n theo quy \u0111\u1ecbnh ph\u00e1p lu\u1eadt v\u00e0 ch\u00ednh s\u00e1ch ri\u00eang c\u1ee7a n\u1ec1n t\u1ea3ng.<\/p>\n<h3 data-start=\"3441\" data-end=\"3466\"><span class=\"ez-toc-section\" id=\"Giai_quyet_tranh_chap\"><\/span>Gi\u1ea3i quy\u1ebft tranh ch\u1ea5p<span class=\"ez-toc-section-end\"><\/span><\/h3>\n<p data-start=\"3468\" data-end=\"3617\">\u0110i\u1ec1u kho\u1ea3n \u0111i\u1ec1u ki\u1ec7n 6FF quy \u0111\u1ecbnh c\u00e1ch th\u1ee9c x\u1eed l\u00fd tranh ch\u1ea5p, khi\u1ebfu n\u1ea1i, v\u00e0 quy\u1ec1n l\u1ee3i c\u1ee7a ng\u01b0\u1eddi ch\u01a1i khi g\u1eb7p v\u1ea5n \u0111\u1ec1 trong qu\u00e1 tr\u00ecnh tham gia d\u1ecbch v\u1ee5.<\/p>\n<h2 data-start=\"3624\" data-end=\"3669\"><span class=\"ez-toc-section\" id=\"Huong_dan_ap_dung_dieu_khoan_dieu_kien_6FF\"><\/span>H\u01b0\u1edbng d\u1eabn \u00e1p d\u1ee5ng \u0111i\u1ec1u kho\u1ea3n \u0111i\u1ec1u ki\u1ec7n 6FF<span class=\"ez-toc-section-end\"><\/span><\/h2>\n<p data-start=\"3671\" data-end=\"3776\">Hi\u1ec3u v\u00e0 tu\u00e2n th\u1ee7 \u0111i\u1ec1u kho\u1ea3n \u0111i\u1ec1u ki\u1ec7n 6FF gi\u00fap ng\u01b0\u1eddi ch\u01a1i b\u1ea3o v\u1ec7 quy\u1ec1n l\u1ee3i v\u00e0 n\u00e2ng cao tr\u1ea3i nghi\u1ec7m.<\/p>\n<h3 data-start=\"3778\" data-end=\"3807\"><span class=\"ez-toc-section\" id=\"Doc_ky_truoc_khi_tham_gia\"><\/span>\u0110\u1ecdc k\u1ef9 tr\u01b0\u1edbc khi tham gia<span class=\"ez-toc-section-end\"><\/span><\/h3>\n<p data-start=\"3809\" data-end=\"3985\">Tr\u01b0\u1edbc khi \u0111\u0103ng k\u00fd t\u00e0i kho\u1ea3n ho\u1eb7c tham gia tr\u00f2 ch\u01a1i, ng\u01b0\u1eddi d\u00f9ng n\u00ean \u0111\u1ecdc k\u1ef9 to\u00e0n b\u1ed9 \u0111i\u1ec1u kho\u1ea3n \u0111i\u1ec1u ki\u1ec7n 6FF. Vi\u1ec7c n\u00e0y gi\u00fap n\u1eafm r\u00f5 quy\u1ec1n l\u1ee3i, ngh\u0129a v\u1ee5 v\u00e0 c\u00e1c quy \u0111\u1ecbnh quan tr\u1ecdng.<\/p>\n<h3 data-start=\"3987\" data-end=\"4018\"><span class=\"ez-toc-section\" id=\"Luu_tru_thong_tin_lien_quan\"><\/span>L\u01b0u tr\u1eef th\u00f4ng tin li\u00ean quan<span class=\"ez-toc-section-end\"><\/span><\/h3>\n<p data-start=\"4020\" data-end=\"4186\">Ng\u01b0\u1eddi ch\u01a1i n\u00ean l\u01b0u gi\u1eef th\u00f4ng tin t\u00e0i kho\u1ea3n, giao d\u1ecbch, email x\u00e1c nh\u1eadn v\u00e0 c\u00e1c ch\u1ee9ng t\u1eeb li\u00ean quan. Khi c\u00f3 tranh ch\u1ea5p, nh\u1eefng th\u00f4ng tin n\u00e0y h\u1ed7 tr\u1ee3 gi\u1ea3i quy\u1ebft nhanh ch\u00f3ng.<\/p>\n<h3 data-start=\"4188\" data-end=\"4223\"><span class=\"ez-toc-section\" id=\"Tham_khao_ho_tro_tu_nha_cai_6FF\"><\/span>Tham kh\u1ea3o h\u1ed7 tr\u1ee3 t\u1eeb nh\u00e0 c\u00e1i 6FF<span class=\"ez-toc-section-end\"><\/span><\/h3>\n<p data-start=\"4225\" data-end=\"4413\">N\u1ebfu c\u00f3 th\u1eafc m\u1eafc v\u1ec1 \u0111i\u1ec1u kho\u1ea3n \u0111i\u1ec1u ki\u1ec7n 6FF, ng\u01b0\u1eddi d\u00f9ng c\u00f3 th\u1ec3 li\u00ean h\u1ec7 tr\u1ef1c ti\u1ebfp b\u1ed9 ph\u1eadn h\u1ed7 tr\u1ee3 c\u1ee7a nh\u00e0 c\u00e1i 6FF \u0111\u1ec3 \u0111\u01b0\u1ee3c gi\u1ea3i \u0111\u00e1p chi ti\u1ebft, tr\u00e1nh hi\u1ec3u nh\u1ea7m v\u00e0 b\u1ea3o v\u1ec7 quy\u1ec1n l\u1ee3i h\u1ee3p ph\u00e1p.<\/p>\n<h2 data-start=\"4420\" data-end=\"4477\"><span class=\"ez-toc-section\" id=\"Luu_y_quan_trong_khi_tuan_thu_dieu_khoan_dieu_kien_6FF\"><\/span>L\u01b0u \u00fd quan tr\u1ecdng khi tu\u00e2n th\u1ee7 \u0111i\u1ec1u kho\u1ea3n \u0111i\u1ec1u ki\u1ec7n 6FF<span class=\"ez-toc-section-end\"><\/span><\/h2>\n<p data-start=\"4479\" data-end=\"4602\">Tu\u00e2n th\u1ee7 \u0111i\u1ec1u kho\u1ea3n \u0111i\u1ec1u ki\u1ec7n 6FF gi\u00fap ng\u01b0\u1eddi d\u00f9ng b\u1ea3o v\u1ec7 t\u00e0i kho\u1ea3n, th\u00f4ng tin c\u00e1 nh\u00e2n v\u00e0 tr\u1ea3i nghi\u1ec7m d\u1ecbch v\u1ee5 an to\u00e0n.<\/p>\n<ul data-start=\"4604\" data-end=\"4857\">\n<li data-start=\"4604\" data-end=\"4661\">\n<p data-start=\"4606\" data-end=\"4661\">Kh\u00f4ng chia s\u1ebb t\u00e0i kho\u1ea3n ho\u1eb7c m\u1eadt kh\u1ea9u v\u1edbi ng\u01b0\u1eddi kh\u00e1c.<\/p>\n<\/li>\n<li data-start=\"4662\" data-end=\"4721\">\n<p data-start=\"4664\" data-end=\"4721\">Th\u00f4ng tin \u0111\u0103ng k\u00fd t\u00e0i kho\u1ea3n ph\u1ea3i ch\u00ednh x\u00e1c v\u00e0 h\u1ee3p ph\u00e1p.<\/p>\n<\/li>\n<li data-start=\"4722\" data-end=\"4785\">\n<p data-start=\"4724\" data-end=\"4785\">Tu\u00e2n th\u1ee7 quy \u0111\u1ecbnh v\u1ec1 giao d\u1ecbch, c\u00e1 c\u01b0\u1ee3c v\u00e0 s\u1eed d\u1ee5ng d\u1ecbch v\u1ee5.<\/p>\n<\/li>\n<li data-start=\"4786\" data-end=\"4857\">\n<p data-start=\"4788\" data-end=\"4857\">Li\u00ean h\u1ec7 tr\u1ef1c ti\u1ebfp v\u1edbi nh\u00e0 c\u00e1i 6FF khi g\u1eb7p v\u1ea5n \u0111\u1ec1 ho\u1eb7c tranh ch\u1ea5p.<\/p>\n<\/li>\n<\/ul>\n<p data-start=\"4859\" data-end=\"4944\">Nh\u1eefng l\u01b0u \u00fd n\u00e0y gi\u00fap tr\u1ea3i nghi\u1ec7m d\u1ecbch v\u1ee5 tr\u1ef1c tuy\u1ebfn minh b\u1ea1ch, thu\u1eadn ti\u1ec7n v\u00e0 an to\u00e0n.<\/p>\n<h2 data-start=\"4951\" data-end=\"4962\"><span class=\"ez-toc-section\" id=\"Ket_luan\"><\/span>K\u1ebft lu\u1eadn<span class=\"ez-toc-section-end\"><\/span><\/h2>\n<p data-start=\"4964\" data-end=\"5218\">\u0110i\u1ec1u kho\u1ea3n \u0111i\u1ec1u ki\u1ec7n 6FF l\u00e0 ph\u1ea7n quan tr\u1ecdng m\u00e0 m\u1ecdi ng\u01b0\u1eddi d\u00f9ng c\u1ea7n n\u1eafm khi tham gia d\u1ecbch v\u1ee5 tr\u1ef1c tuy\u1ebfn, \u0111\u1eb7c bi\u1ec7t t\u1ea1i <a href=\"https:\/\/6fffunn.com\/\"><strong>nh\u00e0 c\u00e1i 6FF<\/strong><\/a>. Hi\u1ec3u r\u00f5 quy\u1ec1n l\u1ee3i, tr\u00e1ch nhi\u1ec7m v\u00e0 c\u00e1c quy \u0111\u1ecbnh s\u1ebd gi\u00fap ng\u01b0\u1eddi ch\u01a1i tham gia d\u1ecbch v\u1ee5 an to\u00e0n, h\u1ee3p ph\u00e1p v\u00e0 thu\u1eadn ti\u1ec7n.<\/p>\n<p data-start=\"5220\" data-end=\"5408\">Hy v\u1ecdng b\u00e0i vi\u1ebft \u0111\u00e3 cung c\u1ea5p c\u00e1i nh\u00ecn t\u1ed5ng quan v\u00e0 chi ti\u1ebft v\u1ec1 \u0111i\u1ec1u kho\u1ea3n \u0111i\u1ec1u ki\u1ec7n 6FF, gi\u00fap ng\u01b0\u1eddi d\u00f9ng tham gia d\u1ecbch v\u1ee5 m\u1ed9t c\u00e1ch th\u00f4ng minh, b\u1ea3o v\u1ec7 quy\u1ec1n l\u1ee3i v\u00e0 tr\u1ea3i nghi\u1ec7m tr\u1ecdn v\u1eb9n.<\/p>\n","protected":false},"excerpt":{"rendered":"<p>\u0110i\u1ec1u Kho\u1ea3n \u0110i\u1ec1u Ki\u1ec7n 6FF \u2013 H\u01b0\u1edbng D\u1eabn Chi Ti\u1ebft V\u00e0 An To\u00e0n Khi Tham Gia \u0110i\u1ec1u Kho\u1ea3n \u0110i\u1ec1u Ki\u1ec7n 6FF l\u00e0 nh\u1eefng quy \u0111\u1ecbnh quan tr\u1ecdng m\u00e0 ng\u01b0\u1eddi d\u00f9ng c\u1ea7n n\u1eafm r\u00f5 tr\u01b0\u1edbc khi tham gia v\u00e0 s\u1eed d\u1ee5ng c\u00e1c d\u1ecbch v\u1ee5 tr\u00ean n\u1ec1n t\u1ea3ng. Vi\u1ec7c hi\u1ec3u r\u00f5 c\u00e1c n\u1ed9i dung trong \u0111i\u1ec1u kho\u1ea3n [&#8230;]\n","protected":false},"author":1,"featured_media":0,"parent":0,"menu_order":0,"comment_status":"closed","ping_status":"closed","template":"","meta":{"footnotes":""},"class_list":["post-128","page","type-page","status-publish","hentry"],"_links":{"self":[{"href":"https:\/\/6fffunn.com\/index.php\/wp-json\/wp\/v2\/pages\/128","targetHints":{"allow":["GET"]}}],"collection":[{"href":"https:\/\/6fffunn.com\/index.php\/wp-json\/wp\/v2\/pages"}],"about":[{"href":"https:\/\/6fffunn.com\/index.php\/wp-json\/wp\/v2\/types\/page"}],"author":[{"embeddable":true,"href":"https:\/\/6fffunn.com\/index.php\/wp-json\/wp\/v2\/users\/1"}],"replies":[{"embeddable":true,"href":"https:\/\/6fffunn.com\/index.php\/wp-json\/wp\/v2\/comments?post=128"}],"version-history":[{"count":3,"href":"https:\/\/6fffunn.com\/index.php\/wp-json\/wp\/v2\/pages\/128\/revisions"}],"predecessor-version":[{"id":131,"href":"https:\/\/6fffunn.com\/index.php\/wp-json\/wp\/v2\/pages\/128\/revisions\/131"}],"wp:attachment":[{"href":"https:\/\/6fffunn.com\/index.php\/wp-json\/wp\/v2\/media?parent=128"}],"curies":[{"name":"wp","href":"https:\/\/api.w.org\/{rel}","templated":true}]}}