{"id":133,"date":"2026-03-13T13:15:48","date_gmt":"2026-03-13T13:15:48","guid":{"rendered":"https:\/\/6fffunn.com\/?page_id=133"},"modified":"2026-03-13T13:15:48","modified_gmt":"2026-03-13T13:15:48","slug":"chinh-sach-bao-mat-6ff","status":"publish","type":"page","link":"https:\/\/6fffunn.com\/index.php\/chinh-sach-bao-mat-6ff\/","title":{"rendered":"Ch\u00ednh S\u00e1ch B\u1ea3o M\u1eadt 6FF \u2013 Cam K\u1ebft B\u1ea3o V\u1ec7 Th\u00f4ng Tin Ng\u01b0\u1eddi D\u00f9ng"},"content":{"rendered":"<div id=\"ez-toc-container\" class=\"ez-toc-v2_0_81 counter-hierarchy ez-toc-counter ez-toc-grey ez-toc-container-direction\">\n<div class=\"ez-toc-title-container\">\n<p class=\"ez-toc-title\" style=\"cursor:inherit\">Table of Contents<\/p>\n<span class=\"ez-toc-title-toggle\"><a href=\"#\" class=\"ez-toc-pull-right ez-toc-btn ez-toc-btn-xs ez-toc-btn-default ez-toc-toggle\" aria-label=\"Toggle Table of Content\"><span class=\"ez-toc-js-icon-con\"><span class=\"\"><span class=\"eztoc-hide\" style=\"display:none;\">Toggle<\/span><span class=\"ez-toc-icon-toggle-span\"><svg style=\"fill: #999;color:#999\" xmlns=\"http:\/\/www.w3.org\/2000\/svg\" class=\"list-377408\" width=\"20px\" height=\"20px\" viewBox=\"0 0 24 24\" fill=\"none\"><path d=\"M6 6H4v2h2V6zm14 0H8v2h12V6zM4 11h2v2H4v-2zm16 0H8v2h12v-2zM4 16h2v2H4v-2zm16 0H8v2h12v-2z\" fill=\"currentColor\"><\/path><\/svg><svg style=\"fill: #999;color:#999\" class=\"arrow-unsorted-368013\" xmlns=\"http:\/\/www.w3.org\/2000\/svg\" width=\"10px\" height=\"10px\" viewBox=\"0 0 24 24\" version=\"1.2\" baseProfile=\"tiny\"><path d=\"M18.2 9.3l-6.2-6.3-6.2 6.3c-.2.2-.3.4-.3.7s.1.5.3.7c.2.2.4.3.7.3h11c.3 0 .5-.1.7-.3.2-.2.3-.5.3-.7s-.1-.5-.3-.7zM5.8 14.7l6.2 6.3 6.2-6.3c.2-.2.3-.5.3-.7s-.1-.5-.3-.7c-.2-.2-.4-.3-.7-.3h-11c-.3 0-.5.1-.7.3-.2.2-.3.5-.3.7s.1.5.3.7z\"\/><\/svg><\/span><\/span><\/span><\/a><\/span><\/div>\n<nav><ul class='ez-toc-list ez-toc-list-level-1 ' ><li class='ez-toc-page-1 ez-toc-heading-level-1'><a class=\"ez-toc-link ez-toc-heading-1\" href=\"https:\/\/6fffunn.com\/index.php\/chinh-sach-bao-mat-6ff\/#Chinh_Sach_Bao_Mat_6FF_%E2%80%93_Cam_Ket_Bao_Ve_Thong_Tin_Nguoi_Dung\" >Ch\u00ednh S\u00e1ch B\u1ea3o M\u1eadt 6FF \u2013 Cam K\u1ebft B\u1ea3o V\u1ec7 Th\u00f4ng Tin Ng\u01b0\u1eddi D\u00f9ng<\/a><ul class='ez-toc-list-level-2' ><li class='ez-toc-heading-level-2'><a class=\"ez-toc-link ez-toc-heading-2\" href=\"https:\/\/6fffunn.com\/index.php\/chinh-sach-bao-mat-6ff\/#Tong_quan_ve_chinh_sach_bao_mat_6FF\" >T\u1ed5ng quan v\u1ec1 ch\u00ednh s\u00e1ch b\u1ea3o m\u1eadt 6FF<\/a><\/li><li class='ez-toc-page-1 ez-toc-heading-level-2'><a class=\"ez-toc-link ez-toc-heading-3\" href=\"https:\/\/6fffunn.com\/index.php\/chinh-sach-bao-mat-6ff\/#Muc_dich_cua_chinh_sach_bao_mat_6FF\" >M\u1ee5c \u0111\u00edch c\u1ee7a ch\u00ednh s\u00e1ch b\u1ea3o m\u1eadt 6FF<\/a><ul class='ez-toc-list-level-3' ><li class='ez-toc-heading-level-3'><a class=\"ez-toc-link ez-toc-heading-4\" href=\"https:\/\/6fffunn.com\/index.php\/chinh-sach-bao-mat-6ff\/#Bao_ve_thong_tin_ca_nhan\" >B\u1ea3o v\u1ec7 th\u00f4ng tin c\u00e1 nh\u00e2n<\/a><\/li><li class='ez-toc-page-1 ez-toc-heading-level-3'><a class=\"ez-toc-link ez-toc-heading-5\" href=\"https:\/\/6fffunn.com\/index.php\/chinh-sach-bao-mat-6ff\/#Dam_bao_tinh_minh_bach_trong_quan_ly_du_lieu\" >\u0110\u1ea3m b\u1ea3o t\u00ednh minh b\u1ea1ch trong qu\u1ea3n l\u00fd d\u1eef li\u1ec7u<\/a><\/li><\/ul><\/li><li class='ez-toc-page-1 ez-toc-heading-level-2'><a class=\"ez-toc-link ez-toc-heading-6\" href=\"https:\/\/6fffunn.com\/index.php\/chinh-sach-bao-mat-6ff\/#Thong_tin_duoc_thu_thap_theo_chinh_sach_bao_mat_6FF\" >Th\u00f4ng tin \u0111\u01b0\u1ee3c thu th\u1eadp theo ch\u00ednh s\u00e1ch b\u1ea3o m\u1eadt 6FF<\/a><ul class='ez-toc-list-level-3' ><li class='ez-toc-heading-level-3'><a class=\"ez-toc-link ez-toc-heading-7\" href=\"https:\/\/6fffunn.com\/index.php\/chinh-sach-bao-mat-6ff\/#Thong_tin_dang_ky_tai_khoan\" >Th\u00f4ng tin \u0111\u0103ng k\u00fd t\u00e0i kho\u1ea3n<\/a><\/li><li class='ez-toc-page-1 ez-toc-heading-level-3'><a class=\"ez-toc-link ez-toc-heading-8\" href=\"https:\/\/6fffunn.com\/index.php\/chinh-sach-bao-mat-6ff\/#Du_lieu_hoat_dong_tren_he_thong\" >D\u1eef li\u1ec7u ho\u1ea1t \u0111\u1ed9ng tr\u00ean h\u1ec7 th\u1ed1ng<\/a><\/li><\/ul><\/li><li class='ez-toc-page-1 ez-toc-heading-level-2'><a class=\"ez-toc-link ez-toc-heading-9\" href=\"https:\/\/6fffunn.com\/index.php\/chinh-sach-bao-mat-6ff\/#Cach_thuc_bao_ve_du_lieu_trong_chinh_sach_bao_mat_6FF\" >C\u00e1ch th\u1ee9c b\u1ea3o v\u1ec7 d\u1eef li\u1ec7u trong ch\u00ednh s\u00e1ch b\u1ea3o m\u1eadt 6FF<\/a><ul class='ez-toc-list-level-3' ><li class='ez-toc-heading-level-3'><a class=\"ez-toc-link ez-toc-heading-10\" href=\"https:\/\/6fffunn.com\/index.php\/chinh-sach-bao-mat-6ff\/#Cong_nghe_ma_hoa_hien_dai\" >C\u00f4ng ngh\u1ec7 m\u00e3 h\u00f3a hi\u1ec7n \u0111\u1ea1i<\/a><\/li><li class='ez-toc-page-1 ez-toc-heading-level-3'><a class=\"ez-toc-link ez-toc-heading-11\" href=\"https:\/\/6fffunn.com\/index.php\/chinh-sach-bao-mat-6ff\/#He_thong_kiem_soat_truy_cap\" >H\u1ec7 th\u1ed1ng ki\u1ec3m so\u00e1t truy c\u1eadp<\/a><\/li><\/ul><\/li><li class='ez-toc-page-1 ez-toc-heading-level-2'><a class=\"ez-toc-link ez-toc-heading-12\" href=\"https:\/\/6fffunn.com\/index.php\/chinh-sach-bao-mat-6ff\/#Quyen_loi_cua_nguoi_dung_trong_chinh_sach_bao_mat_6FF\" >Quy\u1ec1n l\u1ee3i c\u1ee7a ng\u01b0\u1eddi d\u00f9ng trong ch\u00ednh s\u00e1ch b\u1ea3o m\u1eadt 6FF<\/a><\/li><li class='ez-toc-page-1 ez-toc-heading-level-2'><a class=\"ez-toc-link ez-toc-heading-13\" href=\"https:\/\/6fffunn.com\/index.php\/chinh-sach-bao-mat-6ff\/#Luu_y_quan_trong_khi_tuan_thu_chinh_sach_bao_mat_6FF\" >L\u01b0u \u00fd quan tr\u1ecdng khi tu\u00e2n th\u1ee7 ch\u00ednh s\u00e1ch b\u1ea3o m\u1eadt 6FF<\/a><\/li><li class='ez-toc-page-1 ez-toc-heading-level-2'><a class=\"ez-toc-link ez-toc-heading-14\" href=\"https:\/\/6fffunn.com\/index.php\/chinh-sach-bao-mat-6ff\/#Ket_luan\" >K\u1ebft lu\u1eadn<\/a><\/li><\/ul><\/li><\/ul><\/nav><\/div>\n<h1 style=\"text-align: center;\" data-section-id=\"1wyyu3f\" data-start=\"255\" data-end=\"317\"><span class=\"ez-toc-section\" id=\"Chinh_Sach_Bao_Mat_6FF_%E2%80%93_Cam_Ket_Bao_Ve_Thong_Tin_Nguoi_Dung\"><\/span>Ch\u00ednh S\u00e1ch B\u1ea3o M\u1eadt 6FF \u2013 Cam K\u1ebft B\u1ea3o V\u1ec7 Th\u00f4ng Tin Ng\u01b0\u1eddi D\u00f9ng<span class=\"ez-toc-section-end\"><\/span><\/h1>\n<div class=\"flex flex-col text-sm pb-25\">\n<article class=\"text-token-text-primary w-full focus:outline-none [--shadow-height:45px] has-data-writing-block:pointer-events-none has-data-writing-block:-mt-(--shadow-height) has-data-writing-block:pt-(--shadow-height) [&amp;:has([data-writing-block])&gt;*]:pointer-events-auto scroll-mt-[calc(var(--header-height)+min(200px,max(70px,20svh)))]\" dir=\"auto\" tabindex=\"-1\" data-turn-id=\"request-69a83943-ccdc-839f-b5d3-7acc46ab611c-1\" data-testid=\"conversation-turn-94\" data-scroll-anchor=\"true\" data-turn=\"assistant\">\n<div class=\"text-base my-auto mx-auto pb-10 [--thread-content-margin:var(--thread-content-margin-xs,calc(var(--spacing)*4))] @w-sm\/main:[--thread-content-margin:var(--thread-content-margin-sm,calc(var(--spacing)*6))] @w-lg\/main:[--thread-content-margin:var(--thread-content-margin-lg,calc(var(--spacing)*16))] px-(--thread-content-margin)\">\n<div class=\"[--thread-content-max-width:40rem] @w-lg\/main:[--thread-content-max-width:48rem] mx-auto max-w-(--thread-content-max-width) flex-1 group\/turn-messages focus-visible:outline-hidden relative flex w-full min-w-0 flex-col agent-turn\" tabindex=\"-1\">\n<div class=\"flex max-w-full flex-col gap-4 grow\">\n<div class=\"min-h-8 text-message relative flex w-full flex-col items-end gap-2 text-start break-words whitespace-normal [.text-message+&amp;]:mt-1\" dir=\"auto\" data-message-author-role=\"assistant\" data-message-id=\"1fba8aab-cd50-4f6a-b6dd-25226a16652f\" data-message-model-slug=\"gpt-5-3\">\n<div class=\"flex w-full flex-col gap-1 empty:hidden\">\n<div class=\"markdown prose dark:prose-invert w-full wrap-break-word dark markdown-new-styling\">\n<p data-start=\"0\" data-end=\"490\" data-is-last-node=\"\" data-is-only-node=\"\"><strong><a href=\"https:\/\/6fffunn.com\/index.php\/chinh-sach-bao-mat-6ff\/\">Ch\u00ednh S\u00e1ch B\u1ea3o M\u1eadt<\/a><\/strong> 6FF \u0111\u01b0\u1ee3c x\u00e2y d\u1ef1ng nh\u1eb1m \u0111\u1ea3m b\u1ea3o m\u1ecdi th\u00f4ng tin c\u00e1 nh\u00e2n c\u1ee7a ng\u01b0\u1eddi d\u00f9ng lu\u00f4n \u0111\u01b0\u1ee3c qu\u1ea3n l\u00fd v\u00e0 b\u1ea3o v\u1ec7 an to\u00e0n khi tham gia n\u1ec1n t\u1ea3ng. Trong m\u00f4i tr\u01b0\u1eddng tr\u1ef1c tuy\u1ebfn, vi\u1ec7c b\u1ea3o m\u1eadt d\u1eef li\u1ec7u \u0111\u00f3ng vai tr\u00f2 r\u1ea5t quan tr\u1ecdng \u0111\u1ec3 tr\u00e1nh r\u1ee7i ro li\u00ean quan \u0111\u1ebfn quy\u1ec1n ri\u00eang t\u01b0. V\u00ec v\u1eady, h\u1ec7 th\u1ed1ng \u00e1p d\u1ee5ng nhi\u1ec1u bi\u1ec7n ph\u00e1p k\u1ef9 thu\u1eadt v\u00e0 quy tr\u00ecnh ki\u1ec3m so\u00e1t ch\u1eb7t ch\u1ebd. Th\u00f4ng qua ch\u00ednh s\u00e1ch b\u1ea3o m\u1eadt 6FF, ng\u01b0\u1eddi d\u00f9ng c\u00f3 th\u1ec3 y\u00ean t\u00e2m h\u01a1n khi tr\u1ea3i nghi\u1ec7m d\u1ecbch v\u1ee5 v\u00e0 th\u1ef1c hi\u1ec7n c\u00e1c ho\u1ea1t \u0111\u1ed9ng tr\u00ean n\u1ec1n t\u1ea3ng.<\/p>\n<\/div>\n<\/div>\n<\/div>\n<\/div>\n<\/div>\n<\/div>\n<\/article>\n<\/div>\n<h2 data-section-id=\"1rjpokk\" data-start=\"507\" data-end=\"545\"><span class=\"ez-toc-section\" id=\"Tong_quan_ve_chinh_sach_bao_mat_6FF\"><\/span>T\u1ed5ng quan v\u1ec1 ch\u00ednh s\u00e1ch b\u1ea3o m\u1eadt 6FF<span class=\"ez-toc-section-end\"><\/span><\/h2>\n<p data-start=\"547\" data-end=\"950\">Trong m\u00f4i tr\u01b0\u1eddng tr\u1ef1c tuy\u1ebfn hi\u1ec7n nay, vi\u1ec7c b\u1ea3o v\u1ec7 th\u00f4ng tin c\u00e1 nh\u00e2n l\u00e0 y\u1ebfu t\u1ed1 quan tr\u1ecdng \u0111\u1ed1i v\u1edbi m\u1ecdi n\u1ec1n t\u1ea3ng d\u1ecbch v\u1ee5. Ch\u00ednh s\u00e1ch b\u1ea3o m\u1eadt 6FF \u0111\u01b0\u1ee3c x\u00e2y d\u1ef1ng nh\u1eb1m \u0111\u1ea3m b\u1ea3o d\u1eef li\u1ec7u c\u1ee7a ng\u01b0\u1eddi d\u00f9ng lu\u00f4n \u0111\u01b0\u1ee3c b\u1ea3o v\u1ec7 an to\u00e0n trong qu\u00e1 tr\u00ecnh \u0111\u0103ng k\u00fd, \u0111\u0103ng nh\u1eadp v\u00e0 tham gia c\u00e1c ho\u1ea1t \u0111\u1ed9ng tr\u00ean h\u1ec7 th\u1ed1ng. Vi\u1ec7c hi\u1ec3u r\u00f5 c\u00e1c n\u1ed9i dung trong ch\u00ednh s\u00e1ch gi\u00fap ng\u01b0\u1eddi d\u00f9ng y\u00ean t\u00e2m h\u01a1n khi tr\u1ea3i nghi\u1ec7m d\u1ecbch v\u1ee5 tr\u1ef1c tuy\u1ebfn.<\/p>\n<p data-start=\"952\" data-end=\"1260\">Ch\u00ednh s\u00e1ch b\u1ea3o m\u1eadt 6FF l\u00e0 t\u1eadp h\u1ee3p c\u00e1c quy \u0111\u1ecbnh li\u00ean quan \u0111\u1ebfn vi\u1ec7c thu th\u1eadp, l\u01b0u tr\u1eef, s\u1eed d\u1ee5ng v\u00e0 b\u1ea3o v\u1ec7 th\u00f4ng tin c\u00e1 nh\u00e2n c\u1ee7a ng\u01b0\u1eddi d\u00f9ng. Th\u00f4ng qua c\u00e1c nguy\u00ean t\u1eafc minh b\u1ea1ch v\u00e0 b\u1ea3o m\u1eadt cao, h\u1ec7 th\u1ed1ng \u0111\u1ea3m b\u1ea3o d\u1eef li\u1ec7u lu\u00f4n \u0111\u01b0\u1ee3c qu\u1ea3n l\u00fd an to\u00e0n. \u0110i\u1ec1u n\u00e0y gi\u00fap t\u1ea1o d\u1ef1ng s\u1ef1 tin t\u01b0\u1edfng gi\u1eefa ng\u01b0\u1eddi d\u00f9ng v\u00e0 n\u1ec1n t\u1ea3ng.<\/p>\n<h2 data-section-id=\"1a8m5wp\" data-start=\"1267\" data-end=\"1305\"><span class=\"ez-toc-section\" id=\"Muc_dich_cua_chinh_sach_bao_mat_6FF\"><\/span>M\u1ee5c \u0111\u00edch c\u1ee7a ch\u00ednh s\u00e1ch b\u1ea3o m\u1eadt 6FF<span class=\"ez-toc-section-end\"><\/span><\/h2>\n<p data-start=\"1307\" data-end=\"1541\">Vi\u1ec7c x\u00e2y d\u1ef1ng ch\u00ednh s\u00e1ch b\u1ea3o m\u1eadt 6FF nh\u1eb1m m\u1ee5c \u0111\u00edch \u0111\u1ea3m b\u1ea3o d\u1eef li\u1ec7u ng\u01b0\u1eddi d\u00f9ng \u0111\u01b0\u1ee3c qu\u1ea3n l\u00fd minh b\u1ea1ch v\u00e0 an to\u00e0n. C\u00e1c quy \u0111\u1ecbnh n\u00e0y gi\u00fap h\u1ec7 th\u1ed1ng v\u1eadn h\u00e0nh \u1ed5n \u0111\u1ecbnh, \u0111\u1ed3ng th\u1eddi b\u1ea3o v\u1ec7 quy\u1ec1n ri\u00eang t\u01b0 c\u1ee7a ng\u01b0\u1eddi d\u00f9ng khi tham gia d\u1ecbch v\u1ee5.<\/p>\n<h3 data-section-id=\"12ml65f\" data-start=\"1543\" data-end=\"1571\"><span class=\"ez-toc-section\" id=\"Bao_ve_thong_tin_ca_nhan\"><\/span>B\u1ea3o v\u1ec7 th\u00f4ng tin c\u00e1 nh\u00e2n<span class=\"ez-toc-section-end\"><\/span><\/h3>\n<p data-start=\"1573\" data-end=\"1800\">Th\u00f4ng tin c\u00e1 nh\u00e2n c\u1ee7a ng\u01b0\u1eddi d\u00f9ng nh\u01b0 email, s\u1ed1 \u0111i\u1ec7n tho\u1ea1i ho\u1eb7c th\u00f4ng tin t\u00e0i kho\u1ea3n c\u1ea7n \u0111\u01b0\u1ee3c b\u1ea3o m\u1eadt nghi\u00eam ng\u1eb7t. V\u00ec v\u1eady, ch\u00ednh s\u00e1ch b\u1ea3o m\u1eadt 6FF \u0111\u01b0\u1ee3c thi\u1ebft k\u1ebf nh\u1eb1m ng\u0103n ch\u1eb7n vi\u1ec7c truy c\u1eadp tr\u00e1i ph\u00e9p ho\u1eb7c s\u1eed d\u1ee5ng sai m\u1ee5c \u0111\u00edch.<\/p>\n<p data-start=\"1802\" data-end=\"2010\">H\u1ec7 th\u1ed1ng \u00e1p d\u1ee5ng c\u00e1c c\u00f4ng ngh\u1ec7 b\u1ea3o m\u1eadt hi\u1ec7n \u0111\u1ea1i \u0111\u1ec3 \u0111\u1ea3m b\u1ea3o d\u1eef li\u1ec7u lu\u00f4n \u0111\u01b0\u1ee3c l\u01b0u tr\u1eef an to\u00e0n. Ng\u01b0\u1eddi d\u00f9ng c\u0169ng \u0111\u01b0\u1ee3c khuy\u1ebfn kh\u00edch b\u1ea3o v\u1ec7 t\u00e0i kho\u1ea3n b\u1eb1ng c\u00e1ch \u0111\u1eb7t m\u1eadt kh\u1ea9u m\u1ea1nh v\u00e0 kh\u00f4ng chia s\u1ebb th\u00f4ng tin c\u00e1 nh\u00e2n.<\/p>\n<h3 data-section-id=\"9bk3on\" data-start=\"2012\" data-end=\"2060\"><span class=\"ez-toc-section\" id=\"Dam_bao_tinh_minh_bach_trong_quan_ly_du_lieu\"><\/span>\u0110\u1ea3m b\u1ea3o t\u00ednh minh b\u1ea1ch trong qu\u1ea3n l\u00fd d\u1eef li\u1ec7u<span class=\"ez-toc-section-end\"><\/span><\/h3>\n<p data-start=\"2062\" data-end=\"2264\">M\u1ed9t trong nh\u1eefng m\u1ee5c ti\u00eau c\u1ee7a ch\u00ednh s\u00e1ch b\u1ea3o m\u1eadt 6FF l\u00e0 \u0111\u1ea3m b\u1ea3o m\u1ecdi d\u1eef li\u1ec7u \u0111\u01b0\u1ee3c x\u1eed l\u00fd minh b\u1ea1ch. Ng\u01b0\u1eddi d\u00f9ng c\u00f3 quy\u1ec1n bi\u1ebft th\u00f4ng tin c\u1ee7a m\u00ecnh \u0111\u01b0\u1ee3c s\u1eed d\u1ee5ng cho m\u1ee5c \u0111\u00edch g\u00ec v\u00e0 \u0111\u01b0\u1ee3c l\u01b0u tr\u1eef nh\u01b0 th\u1ebf n\u00e0o.<\/p>\n<p data-start=\"2266\" data-end=\"2375\">\u0110i\u1ec1u n\u00e0y gi\u00fap ng\u01b0\u1eddi d\u00f9ng c\u1ea3m th\u1ea5y an t\u00e2m khi s\u1eed d\u1ee5ng d\u1ecbch v\u1ee5, \u0111\u1ed3ng th\u1eddi n\u00e2ng cao m\u1ee9c \u0111\u1ed9 tin c\u1eady c\u1ee7a n\u1ec1n t\u1ea3ng.<\/p>\n<h2 data-section-id=\"1liqzvh\" data-start=\"2382\" data-end=\"2436\"><span class=\"ez-toc-section\" id=\"Thong_tin_duoc_thu_thap_theo_chinh_sach_bao_mat_6FF\"><\/span>Th\u00f4ng tin \u0111\u01b0\u1ee3c thu th\u1eadp theo ch\u00ednh s\u00e1ch b\u1ea3o m\u1eadt 6FF<span class=\"ez-toc-section-end\"><\/span><\/h2>\n<p data-start=\"2438\" data-end=\"2627\">Trong qu\u00e1 tr\u00ecnh s\u1eed d\u1ee5ng d\u1ecbch v\u1ee5, h\u1ec7 th\u1ed1ng c\u00f3 th\u1ec3 thu th\u1eadp m\u1ed9t s\u1ed1 th\u00f4ng tin c\u1ea7n thi\u1ebft \u0111\u1ec3 \u0111\u1ea3m b\u1ea3o ho\u1ea1t \u0111\u1ed9ng \u1ed5n \u0111\u1ecbnh. C\u00e1c d\u1eef li\u1ec7u n\u00e0y \u0111\u01b0\u1ee3c qu\u1ea3n l\u00fd theo quy \u0111\u1ecbnh c\u1ee7a ch\u00ednh s\u00e1ch b\u1ea3o m\u1eadt 6FF.<\/p>\n<h3 data-section-id=\"1mbuin9\" data-start=\"2629\" data-end=\"2660\"><span class=\"ez-toc-section\" id=\"Thong_tin_dang_ky_tai_khoan\"><\/span>Th\u00f4ng tin \u0111\u0103ng k\u00fd t\u00e0i kho\u1ea3n<span class=\"ez-toc-section-end\"><\/span><\/h3>\n<p data-start=\"2662\" data-end=\"2853\">Khi t\u1ea1o t\u00e0i kho\u1ea3n, ng\u01b0\u1eddi d\u00f9ng c\u1ea7n cung c\u1ea5p m\u1ed9t s\u1ed1 th\u00f4ng tin c\u01a1 b\u1ea3n nh\u01b0 t\u00ean \u0111\u0103ng nh\u1eadp, email ho\u1eb7c s\u1ed1 \u0111i\u1ec7n tho\u1ea1i. Nh\u1eefng d\u1eef li\u1ec7u n\u00e0y gi\u00fap h\u1ec7 th\u1ed1ng x\u00e1c minh danh t\u00ednh v\u00e0 h\u1ed7 tr\u1ee3 qu\u1ea3n l\u00fd t\u00e0i kho\u1ea3n.<\/p>\n<p data-start=\"2855\" data-end=\"2975\">Theo ch\u00ednh s\u00e1ch b\u1ea3o m\u1eadt 6FF, c\u00e1c th\u00f4ng tin \u0111\u0103ng k\u00fd \u0111\u01b0\u1ee3c l\u01b0u tr\u1eef an to\u00e0n v\u00e0 ch\u1ec9 s\u1eed d\u1ee5ng cho m\u1ee5c \u0111\u00edch qu\u1ea3n l\u00fd d\u1ecbch v\u1ee5.<\/p>\n<h3 data-section-id=\"7m2080\" data-start=\"2977\" data-end=\"3012\"><span class=\"ez-toc-section\" id=\"Du_lieu_hoat_dong_tren_he_thong\"><\/span>D\u1eef li\u1ec7u ho\u1ea1t \u0111\u1ed9ng tr\u00ean h\u1ec7 th\u1ed1ng<span class=\"ez-toc-section-end\"><\/span><\/h3>\n<p data-start=\"3014\" data-end=\"3166\">Ngo\u00e0i th\u00f4ng tin c\u00e1 nh\u00e2n, h\u1ec7 th\u1ed1ng c\u0169ng c\u00f3 th\u1ec3 ghi nh\u1eadn d\u1eef li\u1ec7u li\u00ean quan \u0111\u1ebfn ho\u1ea1t \u0111\u1ed9ng c\u1ee7a ng\u01b0\u1eddi d\u00f9ng nh\u01b0 l\u1ecbch s\u1eed \u0111\u0103ng nh\u1eadp ho\u1eb7c thao t\u00e1c tr\u00ean n\u1ec1n t\u1ea3ng.<\/p>\n<p data-start=\"3168\" data-end=\"3295\">Vi\u1ec7c thu th\u1eadp d\u1eef li\u1ec7u n\u00e0y gi\u00fap ch\u00ednh s\u00e1ch b\u1ea3o m\u1eadt 6FF \u0111\u1ea3m b\u1ea3o h\u1ec7 th\u1ed1ng v\u1eadn h\u00e0nh \u1ed5n \u0111\u1ecbnh v\u00e0 h\u1ed7 tr\u1ee3 ng\u01b0\u1eddi d\u00f9ng khi c\u1ea7n thi\u1ebft.<\/p>\n<h2 data-section-id=\"nmmnm4\" data-start=\"3302\" data-end=\"3358\"><span class=\"ez-toc-section\" id=\"Cach_thuc_bao_ve_du_lieu_trong_chinh_sach_bao_mat_6FF\"><\/span>C\u00e1ch th\u1ee9c b\u1ea3o v\u1ec7 d\u1eef li\u1ec7u trong ch\u00ednh s\u00e1ch b\u1ea3o m\u1eadt 6FF<span class=\"ez-toc-section-end\"><\/span><\/h2>\n<p data-start=\"3360\" data-end=\"3524\">B\u1ea3o v\u1ec7 th\u00f4ng tin ng\u01b0\u1eddi d\u00f9ng l\u00e0 \u01b0u ti\u00ean h\u00e0ng \u0111\u1ea7u c\u1ee7a h\u1ec7 th\u1ed1ng. V\u00ec v\u1eady, ch\u00ednh s\u00e1ch b\u1ea3o m\u1eadt 6FF \u00e1p d\u1ee5ng nhi\u1ec1u bi\u1ec7n ph\u00e1p k\u1ef9 thu\u1eadt nh\u1eb1m \u0111\u1ea3m b\u1ea3o d\u1eef li\u1ec7u lu\u00f4n an to\u00e0n.<\/p>\n<h3 data-section-id=\"pa5a8r\" data-start=\"3526\" data-end=\"3555\"><span class=\"ez-toc-section\" id=\"Cong_nghe_ma_hoa_hien_dai\"><\/span>C\u00f4ng ngh\u1ec7 m\u00e3 h\u00f3a hi\u1ec7n \u0111\u1ea1i<span class=\"ez-toc-section-end\"><\/span><\/h3>\n<p data-start=\"3557\" data-end=\"3752\">M\u1ed9t trong nh\u1eefng ph\u01b0\u01a1ng ph\u00e1p quan tr\u1ecdng trong ch\u00ednh s\u00e1ch b\u1ea3o m\u1eadt 6FF l\u00e0 s\u1eed d\u1ee5ng c\u00f4ng ngh\u1ec7 m\u00e3 h\u00f3a \u0111\u1ec3 b\u1ea3o v\u1ec7 d\u1eef li\u1ec7u. \u0110i\u1ec1u n\u00e0y gi\u00fap th\u00f4ng tin \u0111\u01b0\u1ee3c truy\u1ec1n t\u1ea3i an to\u00e0n gi\u1eefa ng\u01b0\u1eddi d\u00f9ng v\u00e0 h\u1ec7 th\u1ed1ng.<\/p>\n<p data-start=\"3754\" data-end=\"3853\">Nh\u1edd c\u01a1 ch\u1ebf m\u00e3 h\u00f3a, c\u00e1c d\u1eef li\u1ec7u nh\u1ea1y c\u1ea3m s\u1ebd kh\u00f4ng th\u1ec3 b\u1ecb truy c\u1eadp b\u1edfi b\u00ean th\u1ee9 ba khi ch\u01b0a \u0111\u01b0\u1ee3c ph\u00e9p.<\/p>\n<h3 data-section-id=\"axjs70\" data-start=\"3855\" data-end=\"3886\"><span class=\"ez-toc-section\" id=\"He_thong_kiem_soat_truy_cap\"><\/span>H\u1ec7 th\u1ed1ng ki\u1ec3m so\u00e1t truy c\u1eadp<span class=\"ez-toc-section-end\"><\/span><\/h3>\n<p data-start=\"3888\" data-end=\"4063\">Ngo\u00e0i m\u00e3 h\u00f3a d\u1eef li\u1ec7u, ch\u00ednh s\u00e1ch b\u1ea3o m\u1eadt 6FF c\u00f2n \u00e1p d\u1ee5ng h\u1ec7 th\u1ed1ng ki\u1ec3m so\u00e1t truy c\u1eadp nghi\u00eam ng\u1eb7t. Ch\u1ec9 nh\u1eefng b\u1ed9 ph\u1eadn c\u00f3 th\u1ea9m quy\u1ec1n m\u1edbi \u0111\u01b0\u1ee3c ph\u00e9p x\u1eed l\u00fd th\u00f4ng tin ng\u01b0\u1eddi d\u00f9ng.<\/p>\n<p data-start=\"4065\" data-end=\"4162\">Bi\u1ec7n ph\u00e1p n\u00e0y gi\u00fap h\u1ea1n ch\u1ebf t\u1ed1i \u0111a nguy c\u01a1 r\u00f2 r\u1ec9 d\u1eef li\u1ec7u v\u00e0 \u0111\u1ea3m b\u1ea3o quy\u1ec1n ri\u00eang t\u01b0 cho ng\u01b0\u1eddi d\u00f9ng.<\/p>\n<h2 data-section-id=\"1knzguw\" data-start=\"4169\" data-end=\"4225\"><span class=\"ez-toc-section\" id=\"Quyen_loi_cua_nguoi_dung_trong_chinh_sach_bao_mat_6FF\"><\/span>Quy\u1ec1n l\u1ee3i c\u1ee7a ng\u01b0\u1eddi d\u00f9ng trong ch\u00ednh s\u00e1ch b\u1ea3o m\u1eadt 6FF<span class=\"ez-toc-section-end\"><\/span><\/h2>\n<p data-start=\"4227\" data-end=\"4375\">Ng\u01b0\u1eddi d\u00f9ng c\u00f3 nhi\u1ec1u quy\u1ec1n l\u1ee3i li\u00ean quan \u0111\u1ebfn d\u1eef li\u1ec7u c\u00e1 nh\u00e2n khi tham gia d\u1ecbch v\u1ee5. Nh\u1eefng quy\u1ec1n n\u00e0y \u0111\u01b0\u1ee3c quy \u0111\u1ecbnh r\u00f5 trong ch\u00ednh s\u00e1ch b\u1ea3o m\u1eadt 6FF.<\/p>\n<p data-start=\"4377\" data-end=\"4533\">Ng\u01b0\u1eddi d\u00f9ng c\u00f3 quy\u1ec1n ki\u1ec3m tra th\u00f4ng tin c\u00e1 nh\u00e2n, y\u00eau c\u1ea7u ch\u1ec9nh s\u1eeda d\u1eef li\u1ec7u khi c\u1ea7n thi\u1ebft v\u00e0 \u0111\u01b0\u1ee3c \u0111\u1ea3m b\u1ea3o r\u1eb1ng d\u1eef li\u1ec7u c\u1ee7a m\u00ecnh kh\u00f4ng b\u1ecb s\u1eed d\u1ee5ng sai m\u1ee5c \u0111\u00edch.<\/p>\n<p data-start=\"4535\" data-end=\"4763\">Ngo\u00e0i ra, ng\u01b0\u1eddi d\u00f9ng c\u0169ng c\u00f3 quy\u1ec1n y\u00eau c\u1ea7u h\u1ed7 tr\u1ee3 ho\u1eb7c gi\u1ea3i \u0111\u00e1p th\u1eafc m\u1eafc li\u00ean quan \u0111\u1ebfn vi\u1ec7c b\u1ea3o m\u1eadt d\u1eef li\u1ec7u. Trong tr\u01b0\u1eddng h\u1ee3p c\u1ea7n thi\u1ebft, c\u00f3 th\u1ec3 li\u00ean h\u1ec7 tr\u1ef1c ti\u1ebfp v\u1edbi b\u1ed9 ph\u1eadn h\u1ed7 tr\u1ee3 c\u1ee7a <strong><a href=\"https:\/\/6fffunn.com\/\">nh\u00e0 c\u00e1i 6FF<\/a><\/strong> \u0111\u1ec3 \u0111\u01b0\u1ee3c h\u01b0\u1edbng d\u1eabn chi ti\u1ebft.<\/p>\n<h2 data-section-id=\"6mpqy9\" data-start=\"4770\" data-end=\"4825\"><span class=\"ez-toc-section\" id=\"Luu_y_quan_trong_khi_tuan_thu_chinh_sach_bao_mat_6FF\"><\/span>L\u01b0u \u00fd quan tr\u1ecdng khi tu\u00e2n th\u1ee7 ch\u00ednh s\u00e1ch b\u1ea3o m\u1eadt 6FF<span class=\"ez-toc-section-end\"><\/span><\/h2>\n<p data-start=\"4827\" data-end=\"4948\">\u0110\u1ec3 \u0111\u1ea3m b\u1ea3o an to\u00e0n khi s\u1eed d\u1ee5ng d\u1ecbch v\u1ee5, ng\u01b0\u1eddi d\u00f9ng n\u00ean tu\u00e2n th\u1ee7 m\u1ed9t s\u1ed1 l\u01b0u \u00fd quan tr\u1ecdng trong ch\u00ednh s\u00e1ch b\u1ea3o m\u1eadt 6FF.<\/p>\n<ul data-start=\"4950\" data-end=\"5167\">\n<li data-section-id=\"tarf8p\" data-start=\"4950\" data-end=\"5003\">\n<p data-start=\"4952\" data-end=\"5003\">Kh\u00f4ng chia s\u1ebb th\u00f4ng tin \u0111\u0103ng nh\u1eadp v\u1edbi ng\u01b0\u1eddi kh\u00e1c.<\/p>\n<\/li>\n<li data-section-id=\"1sps7d6\" data-start=\"5004\" data-end=\"5050\">\n<p data-start=\"5006\" data-end=\"5050\">S\u1eed d\u1ee5ng m\u1eadt kh\u1ea9u m\u1ea1nh v\u00e0 thay \u0111\u1ed5i \u0111\u1ecbnh k\u1ef3.<\/p>\n<\/li>\n<li data-section-id=\"ve2jqe\" data-start=\"5051\" data-end=\"5099\">\n<p data-start=\"5053\" data-end=\"5099\">Truy c\u1eadp \u0111\u00fang trang ch\u00ednh th\u1ee9c c\u1ee7a h\u1ec7 th\u1ed1ng.<\/p>\n<\/li>\n<li data-section-id=\"17uo359\" data-start=\"5100\" data-end=\"5167\">\n<p data-start=\"5102\" data-end=\"5167\">Li\u00ean h\u1ec7 h\u1ed7 tr\u1ee3 khi ph\u00e1t hi\u1ec7n d\u1ea5u hi\u1ec7u b\u1ea5t th\u01b0\u1eddng trong t\u00e0i kho\u1ea3n.<\/p>\n<\/li>\n<\/ul>\n<p data-start=\"5169\" data-end=\"5330\">Vi\u1ec7c tu\u00e2n th\u1ee7 c\u00e1c nguy\u00ean t\u1eafc n\u00e0y gi\u00fap n\u00e2ng cao hi\u1ec7u qu\u1ea3 c\u1ee7a ch\u00ednh s\u00e1ch b\u1ea3o m\u1eadt 6FF, \u0111\u1ed3ng th\u1eddi b\u1ea3o v\u1ec7 d\u1eef li\u1ec7u c\u00e1 nh\u00e2n t\u1ed1t h\u01a1n trong qu\u00e1 tr\u00ecnh s\u1eed d\u1ee5ng d\u1ecbch v\u1ee5.<\/p>\n<h2 data-section-id=\"11x5u5b\" data-start=\"5337\" data-end=\"5348\"><span class=\"ez-toc-section\" id=\"Ket_luan\"><\/span>K\u1ebft lu\u1eadn<span class=\"ez-toc-section-end\"><\/span><\/h2>\n<p data-start=\"5350\" data-end=\"5617\">Ch\u00ednh s\u00e1ch b\u1ea3o m\u1eadt 6FF \u0111\u00f3ng vai tr\u00f2 quan tr\u1ecdng trong vi\u1ec7c b\u1ea3o v\u1ec7 th\u00f4ng tin c\u00e1 nh\u00e2n v\u00e0 \u0111\u1ea3m b\u1ea3o quy\u1ec1n ri\u00eang t\u01b0 c\u1ee7a ng\u01b0\u1eddi d\u00f9ng. Nh\u1edd c\u00e1c quy \u0111\u1ecbnh r\u00f5 r\u00e0ng c\u00f9ng c\u00f4ng ngh\u1ec7 b\u1ea3o m\u1eadt hi\u1ec7n \u0111\u1ea1i, h\u1ec7 th\u1ed1ng gi\u00fap ng\u01b0\u1eddi d\u00f9ng y\u00ean t\u00e2m khi tham gia v\u00e0 tr\u1ea3i nghi\u1ec7m d\u1ecbch v\u1ee5 tr\u1ef1c tuy\u1ebfn.<\/p>\n<p data-start=\"5619\" data-end=\"5878\" data-is-last-node=\"\" data-is-only-node=\"\">Hi\u1ec3u r\u00f5 ch\u00ednh s\u00e1ch b\u1ea3o m\u1eadt 6FF kh\u00f4ng ch\u1ec9 gi\u00fap ng\u01b0\u1eddi d\u00f9ng b\u1ea3o v\u1ec7 t\u00e0i kho\u1ea3n m\u00e0 c\u00f2n g\u00f3p ph\u1ea7n x\u00e2y d\u1ef1ng m\u00f4i tr\u01b0\u1eddng tr\u1ef1c tuy\u1ebfn minh b\u1ea1ch v\u00e0 an to\u00e0n h\u01a1n. Khi tu\u00e2n th\u1ee7 \u0111\u00fang c\u00e1c quy \u0111\u1ecbnh, ng\u01b0\u1eddi d\u00f9ng c\u00f3 th\u1ec3 t\u1eadn h\u01b0\u1edfng tr\u1ea3i nghi\u1ec7m thu\u1eadn ti\u1ec7n v\u00e0 \u1ed5n \u0111\u1ecbnh tr\u00ean n\u1ec1n t\u1ea3ng.<\/p>\n","protected":false},"excerpt":{"rendered":"<p>Ch\u00ednh S\u00e1ch B\u1ea3o M\u1eadt 6FF \u2013 Cam K\u1ebft B\u1ea3o V\u1ec7 Th\u00f4ng Tin Ng\u01b0\u1eddi D\u00f9ng Ch\u00ednh S\u00e1ch B\u1ea3o M\u1eadt 6FF \u0111\u01b0\u1ee3c x\u00e2y d\u1ef1ng nh\u1eb1m \u0111\u1ea3m b\u1ea3o m\u1ecdi th\u00f4ng tin c\u00e1 nh\u00e2n c\u1ee7a ng\u01b0\u1eddi d\u00f9ng lu\u00f4n \u0111\u01b0\u1ee3c qu\u1ea3n l\u00fd v\u00e0 b\u1ea3o v\u1ec7 an to\u00e0n khi tham gia n\u1ec1n t\u1ea3ng. Trong m\u00f4i tr\u01b0\u1eddng tr\u1ef1c tuy\u1ebfn, vi\u1ec7c b\u1ea3o m\u1eadt [&#8230;]\n","protected":false},"author":1,"featured_media":0,"parent":0,"menu_order":0,"comment_status":"closed","ping_status":"closed","template":"","meta":{"footnotes":""},"class_list":["post-133","page","type-page","status-publish","hentry"],"_links":{"self":[{"href":"https:\/\/6fffunn.com\/index.php\/wp-json\/wp\/v2\/pages\/133","targetHints":{"allow":["GET"]}}],"collection":[{"href":"https:\/\/6fffunn.com\/index.php\/wp-json\/wp\/v2\/pages"}],"about":[{"href":"https:\/\/6fffunn.com\/index.php\/wp-json\/wp\/v2\/types\/page"}],"author":[{"embeddable":true,"href":"https:\/\/6fffunn.com\/index.php\/wp-json\/wp\/v2\/users\/1"}],"replies":[{"embeddable":true,"href":"https:\/\/6fffunn.com\/index.php\/wp-json\/wp\/v2\/comments?post=133"}],"version-history":[{"count":1,"href":"https:\/\/6fffunn.com\/index.php\/wp-json\/wp\/v2\/pages\/133\/revisions"}],"predecessor-version":[{"id":135,"href":"https:\/\/6fffunn.com\/index.php\/wp-json\/wp\/v2\/pages\/133\/revisions\/135"}],"wp:attachment":[{"href":"https:\/\/6fffunn.com\/index.php\/wp-json\/wp\/v2\/media?parent=133"}],"curies":[{"name":"wp","href":"https:\/\/api.w.org\/{rel}","templated":true}]}}